{"id":9,"date":"2018-04-27T07:32:32","date_gmt":"2018-04-27T07:32:32","guid":{"rendered":"http:\/\/copae.local\/?page_id=9"},"modified":"2020-06-18T08:06:06","modified_gmt":"2020-06-18T08:06:06","slug":"contacto","status":"publish","type":"page","link":"https:\/\/copaeastur.org\/es\/contacto\/","title":{"rendered":"Contacto"},"content":{"rendered":"<p>[vc_row][vc_column][vc_empty_space height=\u00bb70px\u00bb][\/vc_column][\/vc_row][vc_row content_width=\u00bbgrid\u00bb][vc_column width=\u00bb1\/2&#8243;][vc_column_text]<\/p>\n<h2 class=\"escribenos\">Escr\u00edbenos<\/h2>\n<p>[\/vc_column_text][vc_empty_space][vc_column_text]<form method=\"post\" enctype=\"multipart\/form-data\" id=\"vfbp-form-1\" class=\"vfbp-form\"><div style=\"display:none;\"><label for=\"vfbp-EMAIL-AN8fuQyoDLXem\">If you are human, leave this field blank.<\/label><input size=\"25\" autocomplete=\"off\" type=\"text\" name=\"vfbp-EMAIL-AN8fuQyoDLXem\" value=\"\" id=\"\"><\/div><input type=\"hidden\" name=\"_vfb-timestamp-1\" value=\"1778432946\" id=\"\"><input type=\"hidden\" name=\"_vfb-form-id\" value=\"1\" id=\"\"><div class=\"vfb-col-12 vfb-fieldType-text\" id=\"vfbField1\"><div class=\"vfb-form-group\"><label for=\"vfb-field-1\" class=\"vfb-control-label\">Nombre <span class=\"vfb-required-asterisk\">*<\/span><\/label><div><input id=\"vfb-field-1\" class=\"vfb-form-control\" placeholder=\"Tu nombre\" required=\"required\" type=\"text\" name=\"vfb-field-1\" value=\"\"><\/div><\/div><\/div><div class=\"vfb-clearfix\"><\/div><div class=\"vfb-col-12 vfb-fieldType-email\" id=\"vfbField2\"><div class=\"vfb-form-group\"><label for=\"vfb-field-2\" class=\"vfb-control-label\">Correo electr\u00f3nico <span class=\"vfb-required-asterisk\">*<\/span><\/label><div><input id=\"vfb-field-2\" class=\"vfb-form-control\" placeholder=\"Tu email\" required=\"required\" type=\"email\" name=\"vfb-field-2\" value=\"\"><\/div><\/div><\/div><div class=\"vfb-clearfix\"><\/div><div class=\"vfb-col-12 vfb-fieldType-textarea\" id=\"vfbField3\"><div class=\"vfb-form-group\"><label for=\"vfb-field-3\" class=\"vfb-control-label\">Mensaje <span class=\"vfb-required-asterisk\">*<\/span><\/label><div><textarea id=\"vfb-field-3\" class=\"vfb-form-control\" placeholder=\"Tu mensaje\" required=\"required\" rows=\"10\" name=\"vfb-field-3\" cols=\"50\"><\/textarea><\/div><\/div><\/div><div class=\"vfb-clearfix\"><\/div><div class=\"vfb-col-12 vfb-fieldType-phone\" id=\"vfbField19\"><div class=\"vfb-form-group\"><label for=\"vfb-field-19\" class=\"vfb-control-label\">N\u00famero de tel\u00e9fono <span class=\"vfb-required-asterisk\">*<\/span><\/label><div><input id=\"vfb-field-19\" class=\"vfb-form-control vfb-intl-phone\" placeholder=\"Tu tel&eacute;fono de contacto\" required=\"required\" data-default-country=\"es\" type=\"tel\" name=\"vfb-field-19\" value=\"\"><\/div><\/div><\/div><div class=\"vfb-clearfix\"><\/div><div class=\"vfb-col-12 vfb-fieldType-instructions\" id=\"vfbField6\"><div class=\"vfb-form-group\"><label for=\"vfb-field-6\" class=\"vfb-control-label\"><\/label><div class=\"\"><p><strong>INFORMAC\u00cdON B\u00c1SICA SOBRE PROTECCI\u00d3N DE DATOS<\/strong><\/p>\n<p><strong>Responsable:<\/strong> COPAE<br \/>\n<strong>Finalidad:<\/strong> Contestar a tus preguntas.<br \/>\n<strong>Legitimaci\u00f3n:<\/strong> Tu consentimiento expreso.<br \/>\n<strong>Destinatarios:<\/strong> Tus datos los guardar\u00e1 COPAE seg\u00fan la Ley de Protecci\u00f3n de Datos.<br \/>\n<strong>Derechos:<\/strong> Tendr\u00e1s derecho de acceso, rectificaci\u00f3n y supresi\u00f3n de tus datos.<br \/>\n<strong>Informaci\u00f3n adicional:<\/strong> Puedes consultar la informaci\u00f3n adicional y detallada sobre Protecci\u00f3n de Datos en nuestra <a href=\"\/politica-de-privacidad\/\" target=\"_blank\" rel=\"noopener\">Pol\u00edtica de Privacidad<\/a>.<\/p>\n<\/div><\/div><\/div><div class=\"vfb-clearfix\"><\/div><div class=\"vfb-col-12 vfb-fieldType-checkbox\" id=\"vfbField5\"><label for=\"vfb-field-5\" class=\"vfb-control-label\"> <span class=\"vfb-required-asterisk\">*<\/span><\/label><div><div class=\"vfb-checkbox\"><label><input id=\"vfb-field-5-0\" class=\"\" placeholder=\"\" data-vfb-multiple=\"vfb-field-5\" required=\"required\" type=\"checkbox\" name=\"vfb-field-5[0]\" value=\"1\">He leido y acepto la <a href=\"\/politica-de-privacidad\/\" target=\"_blank\">Pol\u00edtica de Privacidad<\/a>. <\/label><\/div><\/div><\/div><div class=\"vfb-clearfix\"><\/div><div class=\"vfb-col-12 vfb-fieldType-submit\" id=\"vfbField4\"><button id=\"vfb-field-4\" class=\" btn btn-primary\" placeholder=\"\" type=\"submit\" name=\"_vfb-submit\">ENVIAR<\/button><\/div><div class=\"vfb-clearfix\"><\/div><\/form>[\/vc_column_text][vc_empty_space][\/vc_column][vc_column width=\u00bb1\/2&#8243;][vc_column_text]<\/p>\n<h2>Oficinas<\/h2>\n<p>[\/vc_column_text][vc_empty_space][vc_row_inner][vc_column_inner width=\u00bb1\/2&#8243;][vc_column_text]<strong>Direcci\u00f3n<\/strong><\/p>\n<p>Avda. Prudencio Glez. n\u00ba 81<br \/>\n33424 Posada de Llanera<br \/>\nPrincipado de Asturias[\/vc_column_text][vc_empty_space][\/vc_column_inner][vc_column_inner width=\u00bb1\/2&#8243;][vc_column_text]<strong>Atenci\u00f3n al p\u00fablico<\/strong><\/p>\n<p>Lunes a viernes de 9 a 14<br \/>\nMartes y jueves de 16 a 18<\/p>\n<p>Para acudir a la oficina deben pedir cita previa, bien al tel\u00e9fono 985773558 o al WhatsApp 609285755[\/vc_column_text][vc_empty_space][\/vc_column_inner][\/vc_row_inner][vc_row_inner][vc_column_inner width=\u00bb1\/2&#8243;][vc_column_text]<strong>Tel\u00e9fono<\/strong><\/p>\n<p>985 773 558[\/vc_column_text][vc_empty_space][\/vc_column_inner][vc_column_inner width=\u00bb1\/2&#8243;][vc_column_text]<strong>Fax<\/strong><\/p>\n<p>985 772 205[\/vc_column_text][\/vc_column_inner][\/vc_row_inner][vc_widget_sidebar sidebar_id=\u00bbshop-sidebar\u00bb][\/vc_column][\/vc_row][vc_row content_aligment=\u00bbcenter\u00bb][vc_column][vc_empty_space][vc_column_text]<iframe loading=\"lazy\" style=\"border: 0;\" src=\"https:\/\/www.google.com\/maps\/embed?pb=!1m18!1m12!1m3!1d2896.8135168995727!2d-5.858487284091357!3d43.44361057912895!2m3!1f0!2f0!3f0!3m2!1i1024!2i768!4f13.1!3m3!1m2!1s0xd368ef8a0cedcc1%3A0x6e45576a7693f379!2sConsejo+de+la+Producci%C3%B3n+Agraria+Ecologica+del+Principado+de+Asturias!5e0!3m2!1ses!2ses!4v1562569881765!5m2!1ses!2ses\" width=\"1920\" height=\"400\" frameborder=\"0\" allowfullscreen=\"allowfullscreen\"><\/iframe>[\/vc_column_text][\/vc_column][\/vc_row]<\/p>\n","protected":false},"excerpt":{"rendered":"<p>[vc_row][vc_column][vc_empty_space height=\u00bb70px\u00bb][\/vc_column][\/vc_row][vc_row content_width=\u00bbgrid\u00bb][vc_column width=\u00bb1\/2&#8243;][vc_column_text] Escr\u00edbenos [\/vc_column_text][vc_empty_space][vc_column_text][\/vc_column_text][vc_empty_space][\/vc_column][vc_column width=\u00bb1\/2&#8243;][vc_column_text] Oficinas [\/vc_column_text][vc_empty_space][vc_row_inner][vc_column_inner width=\u00bb1\/2&#8243;][vc_column_text]Direcci\u00f3n Avda. Prudencio Glez. n\u00ba 81 33424 Posada de Llanera Principado de Asturias[\/vc_column_text][vc_empty_space][\/vc_column_inner][vc_column_inner width=\u00bb1\/2&#8243;][vc_column_text]Atenci\u00f3n al p\u00fablico Lunes a viernes de 9 a 14 Martes y jueves de 16 a 18 Para acudir a la oficina deben pedir cita previa, bien al tel\u00e9fono 985773558 o al WhatsApp&#8230;<\/p>\n","protected":false},"author":1,"featured_media":0,"parent":0,"menu_order":0,"comment_status":"closed","ping_status":"closed","template":"","meta":[],"_links":{"self":[{"href":"https:\/\/copaeastur.org\/es\/wp-json\/wp\/v2\/pages\/9"}],"collection":[{"href":"https:\/\/copaeastur.org\/es\/wp-json\/wp\/v2\/pages"}],"about":[{"href":"https:\/\/copaeastur.org\/es\/wp-json\/wp\/v2\/types\/page"}],"author":[{"embeddable":true,"href":"https:\/\/copaeastur.org\/es\/wp-json\/wp\/v2\/users\/1"}],"replies":[{"embeddable":true,"href":"https:\/\/copaeastur.org\/es\/wp-json\/wp\/v2\/comments?post=9"}],"version-history":[{"count":27,"href":"https:\/\/copaeastur.org\/es\/wp-json\/wp\/v2\/pages\/9\/revisions"}],"predecessor-version":[{"id":18962,"href":"https:\/\/copaeastur.org\/es\/wp-json\/wp\/v2\/pages\/9\/revisions\/18962"}],"wp:attachment":[{"href":"https:\/\/copaeastur.org\/es\/wp-json\/wp\/v2\/media?parent=9"}],"curies":[{"name":"wp","href":"https:\/\/api.w.org\/{rel}","templated":true}]}}