{"id":17361,"date":"2018-11-23T11:47:44","date_gmt":"2018-11-23T11:47:44","guid":{"rendered":"http:\/\/copae.local\/?page_id=17361"},"modified":"2019-11-04T15:41:36","modified_gmt":"2019-11-04T15:41:36","slug":"comercios","status":"publish","type":"page","link":"https:\/\/copaeastur.org\/es\/comercios\/","title":{"rendered":"Comercios"},"content":{"rendered":"<p>[vc_row][vc_column][vc_column_text]<\/p>\n<h1 style=\"text-align: center;\">Directorio<\/h1>\n<h3 style=\"text-align: center;\">Registro de Operadores de Producci\u00f3n Ecol\u00f3gica de Asturias<\/h3>\n<h3 style=\"text-align: center;\">Gu\u00eda de operadores, actividades y productos certificados<\/h3>\n<p>[\/vc_column_text][vc_empty_space height=\u00bb50px\u00bb][vc_row_inner content_width=\u00bbgrid\u00bb content_aligment=\u00bbcenter\u00bb el_class=\u00bbdirectorio\u00bb][vc_column_inner width=\u00bb1\/12&#8243;][\/vc_column_inner][vc_column_inner width=\u00bb1\/6&#8243;]\n<div class=\"edgtf-image-with-text\">\n\t<div class=\"edgtf-image-with-text-image-inner\">\n\t\t\t\t\t<div class=\"edgtf-image-with-text-image\">\n\t\t\t\t<img width=\"150\" height=\"150\" src=\"https:\/\/copaeastur.org\/wp-content\/uploads\/2019\/05\/FOTO-15-1-1.jpg\" class=\"attachment-full size-full\" alt=\"\" decoding=\"async\" loading=\"lazy\" \/>\t\t\t<\/div>\n\t\t\t<div class=\"edgtf-image-with-text-image-overlay\">\n\t\t\t\t\t\t\t\t\t<a href=\"\/es\/productores\/#directorio\" target=\"_blank\" class=\"edgtf-image-with-text-link\"><\/a>\n\t\t\t\t\t\t\t<\/div>\n\n\t\t\t<\/div>\n\t<div class=\"edgtf-image-with-text-info\">\n\t\t\t\t\t\t\t\t\t<a href=\"\/es\/productores\/#directorio\" target=\"_blank\" class=\"edgtf-image-with-text-link\"> \n\t\t\t\t\t\t<span class=\"edgtf-image-with-text-text\">\n\t\t\t\tProductores\t\t\t<\/span>\n\t\t\t\t\t\t\t<\/a>\n\t\t\t\t\t\t<\/div>\n<\/div>[\/vc_column_inner][vc_column_inner width=\u00bb1\/6&#8243;]\n<div class=\"edgtf-image-with-text\">\n\t<div class=\"edgtf-image-with-text-image-inner\">\n\t\t\t\t\t<div class=\"edgtf-image-with-text-image\">\n\t\t\t\t<img width=\"150\" height=\"150\" src=\"https:\/\/copaeastur.org\/wp-content\/uploads\/2019\/05\/FOTO-16-.jpg\" class=\"attachment-full size-full\" alt=\"\" decoding=\"async\" loading=\"lazy\" \/>\t\t\t<\/div>\n\t\t\t<div class=\"edgtf-image-with-text-image-overlay\">\n\t\t\t\t\t\t\t\t\t<a href=\"\/es\/elaboradores\/#directorio\" target=\"_blank\" class=\"edgtf-image-with-text-link\"><\/a>\n\t\t\t\t\t\t\t<\/div>\n\n\t\t\t<\/div>\n\t<div class=\"edgtf-image-with-text-info\">\n\t\t\t\t\t\t\t\t\t<a href=\"\/es\/elaboradores\/#directorio\" target=\"_blank\" class=\"edgtf-image-with-text-link\"> \n\t\t\t\t\t\t<span class=\"edgtf-image-with-text-text\">\n\t\t\t\tElaboradores\t\t\t<\/span>\n\t\t\t\t\t\t\t<\/a>\n\t\t\t\t\t\t<\/div>\n<\/div>[\/vc_column_inner][vc_column_inner el_class=\u00bbactivo\u00bb width=\u00bb1\/6&#8243;]\n<div class=\"edgtf-image-with-text\">\n\t<div class=\"edgtf-image-with-text-image-inner\">\n\t\t\t\t\t<div class=\"edgtf-image-with-text-image\">\n\t\t\t\t<img width=\"150\" height=\"150\" src=\"https:\/\/copaeastur.org\/wp-content\/uploads\/2018\/11\/directorio-comercios.jpg\" class=\"attachment-full size-full\" alt=\"\" decoding=\"async\" loading=\"lazy\" \/>\t\t\t<\/div>\n\t\t\t<div class=\"edgtf-image-with-text-image-overlay\">\n\t\t\t\t\t\t\t<\/div>\n\n\t\t\t<\/div>\n\t<div class=\"edgtf-image-with-text-info\">\n\t\t\t\t\t\t\t\t<span class=\"edgtf-image-with-text-text\">\n\t\t\t\tComercios\t\t\t<\/span>\n\t\t\t\t\t\t<\/div>\n<\/div>[\/vc_column_inner][vc_column_inner width=\u00bb1\/6&#8243;]\n<div class=\"edgtf-image-with-text\">\n\t<div class=\"edgtf-image-with-text-image-inner\">\n\t\t\t\t\t<div class=\"edgtf-image-with-text-image\">\n\t\t\t\t<img width=\"150\" height=\"150\" src=\"https:\/\/copaeastur.org\/wp-content\/uploads\/2018\/11\/directorio-restaurantes.jpg\" class=\"attachment-full size-full\" alt=\"\" decoding=\"async\" loading=\"lazy\" \/>\t\t\t<\/div>\n\t\t\t<div class=\"edgtf-image-with-text-image-overlay\">\n\t\t\t\t\t\t\t\t\t<a href=\"\/es\/restaurantes\/#directorio\" target=\"_blank\" class=\"edgtf-image-with-text-link\"><\/a>\n\t\t\t\t\t\t\t<\/div>\n\n\t\t\t<\/div>\n\t<div class=\"edgtf-image-with-text-info\">\n\t\t\t\t\t\t\t\t\t<a href=\"\/es\/restaurantes\/#directorio\" target=\"_blank\" class=\"edgtf-image-with-text-link\"> \n\t\t\t\t\t\t<span class=\"edgtf-image-with-text-text\">\n\t\t\t\tRestaurantes\t\t\t<\/span>\n\t\t\t\t\t\t\t<\/a>\n\t\t\t\t\t\t<\/div>\n<\/div>[\/vc_column_inner][vc_column_inner width=\u00bb1\/6&#8243;]\n<div class=\"edgtf-image-with-text\">\n\t<div class=\"edgtf-image-with-text-image-inner\">\n\t\t\t\t\t<div class=\"edgtf-image-with-text-image\">\n\t\t\t\t<img width=\"150\" height=\"150\" src=\"https:\/\/copaeastur.org\/wp-content\/uploads\/2018\/11\/directorio-turismo.jpg\" class=\"attachment-full size-full\" alt=\"\" decoding=\"async\" loading=\"lazy\" \/>\t\t\t<\/div>\n\t\t\t<div class=\"edgtf-image-with-text-image-overlay\">\n\t\t\t\t\t\t\t\t\t<a href=\"\/es\/turismo\/#directorio\" target=\"_blank\" class=\"edgtf-image-with-text-link\"><\/a>\n\t\t\t\t\t\t\t<\/div>\n\n\t\t\t<\/div>\n\t<div class=\"edgtf-image-with-text-info\">\n\t\t\t\t\t\t\t\t\t<a href=\"\/es\/turismo\/#directorio\" target=\"_blank\" class=\"edgtf-image-with-text-link\"> \n\t\t\t\t\t\t<span class=\"edgtf-image-with-text-text\">\n\t\t\t\tTurismo\t\t\t<\/span>\n\t\t\t\t\t\t\t<\/a>\n\t\t\t\t\t\t<\/div>\n<\/div>[\/vc_column_inner][vc_column_inner width=\u00bb1\/12&#8243;][\/vc_column_inner][\/vc_row_inner][vc_row_inner content_width=\u00bbgrid\u00bb el_class=\u00bbuna_columna\u00bb][vc_column_inner el_id=\u00bbdirectorio\u00bb][vc_empty_space height=\u00bb50px\u00bb][vc_column_text]Los Comercios Minoristas que realicen la venta fraccionada o a granel de productos ecol\u00f3gicos deben estar sometidos al sistema de control del Reglamento (CE) 834\/2007. El COPAE realiza controles peri\u00f3dicamente a los comercios inscritos, que pueden incluir toma de muestra, y verifica que los alimentos ecol\u00f3gicos est\u00e1n correctamente identificados y separados de otros productos no ecol\u00f3gicos, sin inducir a error o confusi\u00f3n a los consumidores.<\/p>\n<p>Se puede realizar la consulta de los comercios inscritos seg\u00fan el tipo, actividad y ubicaci\u00f3n.[\/vc_column_text][vc_empty_space height=\u00bb50px\u00bb][vc_raw_html el_id=\u00bbdirectorio_1&#8243;]JTNDaWZyYW1lJTIwaWQlM0QlMjJibG9ja3JhbmRvbSUyMiUyMG5hbWUlM0QlMjJpZnJhbWUlMjIlMjBzcmMlM0QlMjJodHRwcyUzQSUyRiUyRmNvcGFlLmF6dXJld2Vic2l0ZXMubmV0JTJGZXN0YWJsZWNpbWllbnRvcyUyMiUyMHNjcm9sbGluZyUzRCUyMm5vJTIyJTIwY2xhc3MlM0QlMjJ3cmFwcGVyY29tZXJjaW9zJTIyJTIwd2lkdGglM0QlMjIxMDAlMjUlMjIlMjBoZWlnaHQlM0QlMjI2MDAlMjIlMjBmcmFtZWJvcmRlciUzRCUyMjAlMjIlMjBhbGlnbiUzRCUyMnRvcCUyMiUzRSUwQSUwOUVzdGElMjBvcGNpJUMzJUIzbiUyMG5vJTIwdHJhYmFqYXJhJTIwY29ycmVjdGFtZW50ZS4lMjBEZXNhZm9ydHVuYWRhbWVudGUlMjBzdSUyMG5hdmVnYWRvciUyMG5vJTIwc29wb3J0YSUyMElubGluZSUyMEZyYW1lcyUzQyUyRmlmcmFtZSUzRQ==[\/vc_raw_html][\/vc_column_inner][\/vc_row_inner][\/vc_column][\/vc_row][vc_row css=\u00bb.vc_custom_1542974369829{background-position: center !important;background-repeat: no-repeat !important;background-size: cover !important;}\u00bb][vc_column parallax=\u00bbcontent-moving-fade\u00bb parallax_image=\u00bb18017&#8243;][vc_empty_space height=\u00bb100px\u00bb][vc_raw_html]JTNDcCUyMGNsYXNzJTNEJTIyZnJhc2VfbmF0dXJhbGV6YSUyMiUyMHN0eWxlJTNEJTIydGV4dC1hbGlnbiUzQSUyMGNlbnRlciUzQiUyMiUzRUxhJTIwbmF0dXJhbGV6YSUyMG5vJTIwZXMlMjB1biUyMGx1Z2FyJTIwcGFyYSUyMHZpc2l0YXIuJTNDYnIlM0VFcyUyMGVsJTIwaG9nYXIuJTNDJTJGcCUzRSUwQSUzQ3AlMjBjbGFzcyUzRCUyMmF1dG9yX25hdHVyYWxlemElMjIlMjBzdHlsZSUzRCUyMnRleHQtYWxpZ24lM0ElMjBjZW50ZXIlM0IlMjIlM0VHYXJ5JTIwU2hlcm1hbiUyMFNueWRlciUyQyUyMHBvZXRhJTIweSUyMGFjdGl2aXN0YSUyMGVzdGFkb3VuaWRlbnNlLiUzQyUyRnAlM0U=[\/vc_raw_html][vc_empty_space height=\u00bb100px\u00bb][\/vc_column][\/vc_row][vc_row][vc_column][vc_empty_space height=\u00bb100px\u00bb][\/vc_column][\/vc_row]<\/p>\n","protected":false},"excerpt":{"rendered":"<p>[vc_row][vc_column][vc_column_text] Directorio Registro de Operadores de Producci\u00f3n Ecol\u00f3gica de Asturias Gu\u00eda de operadores, actividades y productos certificados [\/vc_column_text][vc_empty_space height=\u00bb50px\u00bb][vc_row_inner content_width=\u00bbgrid\u00bb content_aligment=\u00bbcenter\u00bb el_class=\u00bbdirectorio\u00bb][vc_column_inner width=\u00bb1\/12&#8243;][\/vc_column_inner][vc_column_inner width=\u00bb1\/6&#8243;][\/vc_column_inner][vc_column_inner width=\u00bb1\/6&#8243;][\/vc_column_inner][vc_column_inner el_class=\u00bbactivo\u00bb width=\u00bb1\/6&#8243;][\/vc_column_inner][vc_column_inner width=\u00bb1\/6&#8243;][\/vc_column_inner][vc_column_inner width=\u00bb1\/6&#8243;][\/vc_column_inner][vc_column_inner width=\u00bb1\/12&#8243;][\/vc_column_inner][\/vc_row_inner][vc_row_inner content_width=\u00bbgrid\u00bb el_class=\u00bbuna_columna\u00bb][vc_column_inner el_id=\u00bbdirectorio\u00bb][vc_empty_space height=\u00bb50px\u00bb][vc_column_text]Los Comercios Minoristas que realicen la venta fraccionada o a granel de productos ecol\u00f3gicos deben estar sometidos al sistema de control del&#8230;<\/p>\n","protected":false},"author":1,"featured_media":0,"parent":0,"menu_order":0,"comment_status":"closed","ping_status":"closed","template":"full-width.php","meta":[],"_links":{"self":[{"href":"https:\/\/copaeastur.org\/es\/wp-json\/wp\/v2\/pages\/17361"}],"collection":[{"href":"https:\/\/copaeastur.org\/es\/wp-json\/wp\/v2\/pages"}],"about":[{"href":"https:\/\/copaeastur.org\/es\/wp-json\/wp\/v2\/types\/page"}],"author":[{"embeddable":true,"href":"https:\/\/copaeastur.org\/es\/wp-json\/wp\/v2\/users\/1"}],"replies":[{"embeddable":true,"href":"https:\/\/copaeastur.org\/es\/wp-json\/wp\/v2\/comments?post=17361"}],"version-history":[{"count":22,"href":"https:\/\/copaeastur.org\/es\/wp-json\/wp\/v2\/pages\/17361\/revisions"}],"predecessor-version":[{"id":18753,"href":"https:\/\/copaeastur.org\/es\/wp-json\/wp\/v2\/pages\/17361\/revisions\/18753"}],"wp:attachment":[{"href":"https:\/\/copaeastur.org\/es\/wp-json\/wp\/v2\/media?parent=17361"}],"curies":[{"name":"wp","href":"https:\/\/api.w.org\/{rel}","templated":true}]}}