{"id":18324,"date":"2018-04-27T07:32:32","date_gmt":"2018-04-27T07:32:32","guid":{"rendered":"http:\/\/copae.thinkaweb.com\/contacto\/"},"modified":"2020-06-18T08:20:44","modified_gmt":"2020-06-18T08:20:44","slug":"contact-us","status":"publish","type":"page","link":"https:\/\/copaeastur.org\/en\/contact-us\/","title":{"rendered":"Contact us"},"content":{"rendered":"<p>[vc_row][vc_column][vc_empty_space height=&#8221;70px&#8221;][\/vc_column][\/vc_row][vc_row content_width=&#8221;grid&#8221;][vc_column width=&#8221;1\/2&#8243;][vc_column_text]<\/p>\n<h2 class=\"escribenos\">Contact us<\/h2>\n<p>[\/vc_column_text][vc_empty_space][vc_column_text]<form method=\"post\" enctype=\"multipart\/form-data\" id=\"vfbp-form-2\" class=\"vfbp-form\"><div style=\"display:none;\"><label for=\"vfbp-EMAIL-AN8fuQyoDLXem\">If you are human, leave this field blank.<\/label><input size=\"25\" autocomplete=\"off\" type=\"text\" name=\"vfbp-EMAIL-AN8fuQyoDLXem\" value=\"\" id=\"\"><\/div><input type=\"hidden\" name=\"_vfb-timestamp-2\" value=\"1777566065\" id=\"\"><input type=\"hidden\" name=\"_vfb-form-id\" value=\"2\" id=\"\"><div class=\"vfb-col-12 vfb-fieldType-text\" id=\"vfbField7\"><div class=\"vfb-form-group\"><label for=\"vfb-field-7\" class=\"vfb-control-label\">Nombre <span class=\"vfb-required-asterisk\">*<\/span><\/label><div><input id=\"vfb-field-7\" class=\"vfb-form-control\" placeholder=\"Your Name\" required=\"required\" type=\"text\" name=\"vfb-field-7\" value=\"\"><\/div><\/div><\/div><div class=\"vfb-clearfix\"><\/div><div class=\"vfb-col-12 vfb-fieldType-email\" id=\"vfbField8\"><div class=\"vfb-form-group\"><label for=\"vfb-field-8\" class=\"vfb-control-label\">Correo electr\u00f3nico <span class=\"vfb-required-asterisk\">*<\/span><\/label><div><input id=\"vfb-field-8\" class=\"vfb-form-control\" placeholder=\"Your E-mail\" required=\"required\" type=\"email\" name=\"vfb-field-8\" value=\"\"><\/div><\/div><\/div><div class=\"vfb-clearfix\"><\/div><div class=\"vfb-col-12 vfb-fieldType-textarea\" id=\"vfbField9\"><div class=\"vfb-form-group\"><label for=\"vfb-field-9\" class=\"vfb-control-label\">Message <span class=\"vfb-required-asterisk\">*<\/span><\/label><div><textarea id=\"vfb-field-9\" class=\"vfb-form-control\" placeholder=\"Your Message\" required=\"required\" rows=\"10\" name=\"vfb-field-9\" cols=\"50\"><\/textarea><\/div><\/div><\/div><div class=\"vfb-clearfix\"><\/div><div class=\"vfb-col-12 vfb-fieldType-instructions\" id=\"vfbField10\"><div class=\"vfb-form-group\"><label for=\"vfb-field-10\" class=\"vfb-control-label\"><\/label><div class=\"\"><p><strong>INFORMAC\u00cdON B\u00c1SICA SOBRE PROTECCI\u00d3N DE DATOS<\/strong><\/p>\n<p><strong>Responsable:<\/strong> COPAE<br \/>\n<strong>Finalidad:<\/strong> Contestar a tus preguntas.<br \/>\n<strong>Legitimaci\u00f3n:<\/strong> Tu consentimiento expreso.<br \/>\n<strong>Destinatarios:<\/strong> Tus datos los guardar\u00e1 COPAE seg\u00fan la Ley de Protecci\u00f3n de Datos.<br \/>\n<strong>Derechos:<\/strong> Tendr\u00e1s derecho de acceso, rectificaci\u00f3n y supresi\u00f3n de tus datos.<br \/>\n<strong>Informaci\u00f3n adicional:<\/strong> Puedes consultar la informaci\u00f3n adicional y detallada sobre Protecci\u00f3n de Datos en nuestra <a href=\"\/es\/politica-de-privacidad\/\" target=\"_blank\" rel=\"noopener\">Pol\u00edtica de Privacidad<\/a>.<\/p>\n<\/div><\/div><\/div><div class=\"vfb-clearfix\"><\/div><div class=\"vfb-col-12 vfb-fieldType-checkbox\" id=\"vfbField11\"><label for=\"vfb-field-11\" class=\"vfb-control-label\"> <span class=\"vfb-required-asterisk\">*<\/span><\/label><div><div class=\"vfb-checkbox\"><label><input id=\"vfb-field-11-0\" class=\"\" placeholder=\"\" data-vfb-multiple=\"vfb-field-11\" required=\"required\" type=\"checkbox\" name=\"vfb-field-11[0]\" value=\"1\">I've read and accept the <a href=\"\/es\/politica-de-privacidad\/\" target=\"_blank\">Privacy Policy<\/a>. <\/label><\/div><\/div><\/div><div class=\"vfb-clearfix\"><\/div><div class=\"vfb-col-12 vfb-fieldType-submit\" id=\"vfbField12\"><button id=\"vfb-field-12\" class=\" btn btn-primary\" placeholder=\"\" type=\"submit\" name=\"_vfb-submit\">SEND<\/button><\/div><div class=\"vfb-clearfix\"><\/div><\/form>[\/vc_column_text][vc_empty_space][\/vc_column][vc_column width=&#8221;1\/2&#8243;][vc_column_text]<\/p>\n<h2>Headquarters<\/h2>\n<p>[\/vc_column_text][vc_empty_space][vc_row_inner][vc_column_inner width=&#8221;1\/2&#8243;][vc_column_text]<strong>Address<\/strong><\/p>\n<p>Avda. Prudencio Glez. n\u00ba 81<br \/>\n33424 Posada de Llanera<br \/>\nPrincipado de Asturias[\/vc_column_text][vc_empty_space][\/vc_column_inner][vc_column_inner width=&#8221;1\/2&#8243;][vc_column_text]<strong>Customer service<\/strong><\/p>\n<p>Monday to Friday, from 9 am to 2 pm<br \/>\nTuesday to Thursday, from 4 pm to 6 pm<\/p>\n<p>It is mandatory to have an appointment set via WhatsApp 609285755 or by calling to our number 985773558 if you wish to visit the offices in person.[\/vc_column_text][vc_empty_space][\/vc_column_inner][\/vc_row_inner][vc_row_inner][vc_column_inner width=&#8221;1\/2&#8243;][vc_column_text]<strong>Telephone number<\/strong><\/p>\n<p>985 773 558[\/vc_column_text][vc_empty_space][\/vc_column_inner][vc_column_inner width=&#8221;1\/2&#8243;][vc_column_text]<strong>Fax<\/strong><\/p>\n<p>985 772 205[\/vc_column_text][\/vc_column_inner][\/vc_row_inner][vc_widget_sidebar sidebar_id=&#8221;shop-sidebar&#8221;][\/vc_column][\/vc_row][vc_row content_aligment=&#8221;center&#8221;][vc_column][vc_empty_space][vc_column_text]<iframe loading=\"lazy\" style=\"border: 0;\" src=\"https:\/\/www.google.com\/maps\/embed?pb=!1m18!1m12!1m3!1d2896.8135168995727!2d-5.858487284091357!3d43.44361057912895!2m3!1f0!2f0!3f0!3m2!1i1024!2i768!4f13.1!3m3!1m2!1s0xd368ef8a0cedcc1%3A0x6e45576a7693f379!2sConsejo+de+la+Producci%C3%B3n+Agraria+Ecologica+del+Principado+de+Asturias!5e0!3m2!1ses!2ses!4v1562569881765!5m2!1ses!2ses\" width=\"1920\" height=\"400\" frameborder=\"0\" allowfullscreen=\"allowfullscreen\"><\/iframe>[\/vc_column_text][\/vc_column][\/vc_row]<\/p>\n","protected":false},"excerpt":{"rendered":"<p>[vc_row][vc_column][vc_empty_space height=&#8221;70px&#8221;][\/vc_column][\/vc_row][vc_row content_width=&#8221;grid&#8221;][vc_column width=&#8221;1\/2&#8243;][vc_column_text] Contact us [\/vc_column_text][vc_empty_space][vc_column_text][\/vc_column_text][vc_empty_space][\/vc_column][vc_column width=&#8221;1\/2&#8243;][vc_column_text] Headquarters [\/vc_column_text][vc_empty_space][vc_row_inner][vc_column_inner width=&#8221;1\/2&#8243;][vc_column_text]Address Avda. Prudencio Glez. n\u00ba 81 33424 Posada de Llanera Principado de Asturias[\/vc_column_text][vc_empty_space][\/vc_column_inner][vc_column_inner width=&#8221;1\/2&#8243;][vc_column_text]Customer service Monday to Friday, from 9 am to 2 pm Tuesday to Thursday, from 4 pm to 6 pm It is mandatory to have an appointment set via WhatsApp 609285755 or&#8230;<\/p>\n","protected":false},"author":1,"featured_media":0,"parent":0,"menu_order":0,"comment_status":"closed","ping_status":"closed","template":"","meta":[],"_links":{"self":[{"href":"https:\/\/copaeastur.org\/en\/wp-json\/wp\/v2\/pages\/18324"}],"collection":[{"href":"https:\/\/copaeastur.org\/en\/wp-json\/wp\/v2\/pages"}],"about":[{"href":"https:\/\/copaeastur.org\/en\/wp-json\/wp\/v2\/types\/page"}],"author":[{"embeddable":true,"href":"https:\/\/copaeastur.org\/en\/wp-json\/wp\/v2\/users\/1"}],"replies":[{"embeddable":true,"href":"https:\/\/copaeastur.org\/en\/wp-json\/wp\/v2\/comments?post=18324"}],"version-history":[{"count":4,"href":"https:\/\/copaeastur.org\/en\/wp-json\/wp\/v2\/pages\/18324\/revisions"}],"predecessor-version":[{"id":18964,"href":"https:\/\/copaeastur.org\/en\/wp-json\/wp\/v2\/pages\/18324\/revisions\/18964"}],"wp:attachment":[{"href":"https:\/\/copaeastur.org\/en\/wp-json\/wp\/v2\/media?parent=18324"}],"curies":[{"name":"wp","href":"https:\/\/api.w.org\/{rel}","templated":true}]}}