{"id":18244,"date":"2018-11-22T09:45:50","date_gmt":"2018-11-22T09:45:50","guid":{"rendered":"http:\/\/copae.thinkaweb.com\/copae\/"},"modified":"2021-03-16T14:48:32","modified_gmt":"2021-03-16T14:48:32","slug":"copae","status":"publish","type":"page","link":"https:\/\/copaeastur.org\/en\/copae\/","title":{"rendered":"COPAE"},"content":{"rendered":"<p>[vc_row][vc_column][vc_column_text]<\/p>\n<h1 style=\"text-align: center;\">About us<\/h1>\n<p>[\/vc_column_text][vc_empty_space height=&#8221;50px&#8221;][vc_row_inner content_width=&#8221;grid&#8221; el_class=&#8221;dos_columnas&#8221;][vc_column_inner width=&#8221;1\/2&#8243;][vc_column_text]<\/p>\n<h3>Consejo de la Producci\u00f3n Agraria Ecol\u00f3gica del Principado de Asturias (COPAE)<\/h3>\n<p>The <strong>Consejo de la Producci\u00f3n Agraria Ecol\u00f3gica del Principado de Asturias (COPAE)<\/strong> is a management entity set up by the Agricultural Regional Ministry in order to carry out the official control of organic production.<\/p>\n<p>&nbsp;<\/p>\n<p>&nbsp;<\/p>\n<p>[\/vc_column_text][vc_empty_space height=&#8221;50px&#8221;][\/vc_column_inner][vc_column_inner width=&#8221;1\/2&#8243;][vc_single_image image=&#8221;17211&#8243; img_size=&#8221;full&#8221; alignment=&#8221;center&#8221;][vc_empty_space height=&#8221;50px&#8221;][\/vc_column_inner][\/vc_row_inner][vc_row_inner content_width=&#8221;grid&#8221; el_class=&#8221;dos_columnas&#8221;][vc_column_inner width=&#8221;1\/2&#8243;][vc_single_image image=&#8221;17212&#8243; img_size=&#8221;full&#8221; alignment=&#8221;center&#8221;][vc_empty_space height=&#8221;50px&#8221;][\/vc_column_inner][vc_column_inner width=&#8221;1\/2&#8243;][vc_column_text]<\/p>\n<h3>Organisation Chart (COPAE)<\/h3>\n<p>The governing body of COPAE is the plenary of the Council, in which producers, processors, consumers and the Administration of the Principality of Asturias are represented.<\/p>\n<p>&nbsp;<\/p>\n<p>Its functioning is regulated by an Internal Regime Regulation, passed by the plenary of the Council.<\/p>\n<p>&nbsp;<\/p>\n<p><a href=\"\/wp-content\/uploads\/2018\/12\/reglamento-regimen-interno.pdf\" target=\"_blank\" rel=\"noopener noreferrer\"><i class=\"fa fa-file-pdf-o\" aria-hidden=\"true\"><\/i> Internal Regulation<\/a>[\/vc_column_text][vc_empty_space height=&#8221;100px&#8221;][\/vc_column_inner][\/vc_row_inner][\/vc_column][\/vc_row][vc_row css=&#8221;.vc_custom_1542885407553{background-color: #d7eabf !important;}&#8221;][vc_column][vc_empty_space height=&#8221;80px&#8221;][vc_column_text]<\/p>\n<h2 style=\"text-align: center;\">COPAE Roles<\/h2>\n<p>[\/vc_column_text][vc_empty_space height=&#8221;50px&#8221;][vc_row_inner content_width=&#8221;grid&#8221; el_class=&#8221;dos_columnas&#8221;][vc_column_inner width=&#8221;1\/2&#8243;][vc_column_text]<\/p>\n<h3>COPAE\u2019s main role is to control and certify organic production<\/h3>\n<p>But it also holds other public roles, such as managing the register of organic operators, safeguarding compliance with organic production regulations, promoting the consumption of organic food, and disseminating and promoting organic production, and organic production systems.[\/vc_column_text][vc_empty_space height=&#8221;50px&#8221;][\/vc_column_inner][vc_column_inner width=&#8221;1\/2&#8243;][vc_single_image image=&#8221;17689&#8243; img_size=&#8221;full&#8221; alignment=&#8221;center&#8221;][\/vc_column_inner][\/vc_row_inner][vc_empty_space height=&#8221;100px&#8221;][\/vc_column][\/vc_row][vc_row][vc_column][vc_empty_space height=&#8221;80px&#8221;][vc_column_text]<\/p>\n<h2 style=\"text-align: center;\">Registers<\/h2>\n<p>[\/vc_column_text][vc_empty_space height=&#8221;50px&#8221;][vc_row_inner content_width=&#8221;grid&#8221; el_class=&#8221;una_columna&#8221;][vc_column_inner][vc_column_text]COPAE controls organic production regulations in all the production, transformation and distribution phases of organic products. Thus, COPAE is responsible for the management of the following operators\u2019 registers:[\/vc_column_text][\/vc_column_inner][\/vc_row_inner][vc_empty_space height=&#8221;50px&#8221;][vc_row_inner content_width=&#8221;grid&#8221; el_class=&#8221;tres_columnas&#8221;][vc_column_inner width=&#8221;1\/3&#8243;][vc_single_image image=&#8221;17244&#8243; img_size=&#8221;full&#8221; alignment=&#8221;center&#8221;][vc_column_text]<\/p>\n<h3>Producers<\/h3>\n<p>In terms of agricultural, livestock or aquaculture productions.[\/vc_column_text][vc_empty_space height=&#8221;50px&#8221;][\/vc_column_inner][vc_column_inner width=&#8221;1\/3&#8243;][vc_single_image image=&#8221;17242&#8243; img_size=&#8221;full&#8221; alignment=&#8221;center&#8221;][vc_column_text]<\/p>\n<h3>Processors<\/h3>\n<p>In terms of the companies that process, transform or distribute products.[\/vc_column_text][vc_empty_space height=&#8221;50px&#8221;][\/vc_column_inner][vc_column_inner width=&#8221;1\/3&#8243;][vc_single_image image=&#8221;17243&#8243; img_size=&#8221;full&#8221; alignment=&#8221;center&#8221;][vc_column_text]<\/p>\n<h3>Importers<\/h3>\n<p>In terms of import activities from third countries.[\/vc_column_text][vc_empty_space height=&#8221;50px&#8221;][\/vc_column_inner][\/vc_row_inner][vc_row_inner content_width=&#8221;grid&#8221; el_class=&#8221;tres_columnas&#8221;][vc_column_inner width=&#8221;1\/3&#8243;][vc_single_image image=&#8221;17241&#8243; img_size=&#8221;full&#8221; alignment=&#8221;center&#8221;][vc_column_text]<\/p>\n<h3>Retailers<\/h3>\n<p>For businesses that handle or sell organic products to end users or consumers, in bulk or by pieces.[\/vc_column_text][vc_empty_space height=&#8221;50px&#8221;][\/vc_column_inner][vc_column_inner width=&#8221;1\/3&#8243;][vc_single_image image=&#8221;17246&#8243; img_size=&#8221;full&#8221; alignment=&#8221;center&#8221;][vc_column_text]<\/p>\n<h3>Hotel and Catering Establishments<\/h3>\n<p>To guarantee the origin of organic products, COPAE offers the possibility of signing collaboration agreements with mass catering businesses, creating a new register to control restaurants or mass catering businesses that prepare menus or dishes with organic ingredients.[\/vc_column_text][vc_empty_space height=&#8221;50px&#8221;][\/vc_column_inner][vc_column_inner width=&#8221;1\/3&#8243;][vc_single_image image=&#8221;17245&#8243; img_size=&#8221;full&#8221; alignment=&#8221;center&#8221;][vc_column_text]<\/p>\n<h3>REGOE<\/h3>\n<p>At a national level, there is a general register of organic operators (REGOE). This register can be accessed through the website of the Ministry of Agriculture.<\/p>\n<p>&nbsp;<\/p>\n<p><a href=\"https:\/\/www.mapa.gob.es\/es\/alimentacion\/temas\/produccion-ecologica\/registro-general-operadores-agricultura-ecologica\/\" target=\"_blank\" rel=\"noopener noreferrer\"><i class=\"fa fa-eye\" aria-hidden=\"true\"><\/i> Link to REGOE<\/a>[\/vc_column_text][vc_empty_space height=&#8221;50px&#8221;][\/vc_column_inner][\/vc_row_inner][vc_empty_space height=&#8221;100px&#8221;][\/vc_column][\/vc_row][vc_row css=&#8221;.vc_custom_1542886368190{background-color: #e5e8ea !important;}&#8221;][vc_column][vc_empty_space height=&#8221;80px&#8221;][vc_column_text]<\/p>\n<h2 style=\"text-align: center;\">Statistics<\/h2>\n<p>[\/vc_column_text][vc_empty_space height=&#8221;50px&#8221;][vc_row_inner content_width=&#8221;grid&#8221; el_class=&#8221;dos_columnas&#8221;][vc_column_inner width=&#8221;1\/2&#8243;][vc_column_text]<\/p>\n<h3>Results in figures<\/h3>\n<p>COPAE collects data on organic production on a yearly basis. The information provided includes the number of operators per activity, the registered surface area per crop, livestock farms or types of industries, among other data.<\/p>\n<p>&nbsp;<\/p>\n<p>Statistical data are available from the year 2001, on the website of the Ministry for Agriculture, Fisheries and Food, for Asturias as well as for other Autonomous Communities in Spain.<\/p>\n<p>&nbsp;<\/p>\n<p><a href=\"https:\/\/www.mapa.gob.es\/es\/alimentacion\/temas\/produccion-eco\/\"> See statistics<\/a><\/p>\n<p>&nbsp;<\/p>\n<p>Moreover, COPAE publishes the distribution maps of organic production in Asturias, broken down by councils\/municipalities<\/p>\n<p>&nbsp;<\/p>\n<p>[\/vc_column_text][vc_empty_space height=&#8221;50px&#8221;][\/vc_column_inner][vc_column_inner width=&#8221;1\/2&#8243;][vc_single_image image=&#8221;17925&#8243; img_size=&#8221;full&#8221; alignment=&#8221;center&#8221;][\/vc_column_inner][\/vc_row_inner][vc_empty_space height=&#8221;100px&#8221;][\/vc_column][\/vc_row][vc_row][vc_column][vc_empty_space height=&#8221;80px&#8221;][vc_column_text]<\/p>\n<h2 style=\"text-align: center;\">Fees<\/h2>\n<p>[\/vc_column_text][vc_empty_space height=&#8221;50px&#8221;][vc_row_inner content_width=&#8221;grid&#8221; el_class=&#8221;dos_columnas&#8221;][vc_column_inner width=&#8221;1\/2&#8243;][vc_single_image image=&#8221;17928&#8243; img_size=&#8221;full&#8221; alignment=&#8221;center&#8221;][vc_empty_space height=&#8221;50px&#8221;][\/vc_column_inner][vc_column_inner width=&#8221;1\/2&#8243;][vc_column_text]<\/p>\n<h3>Public and non-profit<\/h3>\n<p>One of the duties established by the European legislation in terms of organic production is the operators\u2019 contribution to the control costs. Thus, COPAE establishes <strong>different registration and maintenance fees<\/strong>, depending on the nature of the operator and certified activities.<\/p>\n<p>&nbsp;<\/p>\n<p>COPAE is a <strong>public and non-profit<\/strong> management body. The revenues from the operators\u2019 fees are allocated to <strong>cover some of the control and operating expenses, as well as part of the organic production promotion expenses.<\/strong><\/p>\n<p>&nbsp;<\/p>\n<p>As these are public roles assigned by the Administration, COPAE also receives <strong>funds from the Regional Ministry of Agriculture.<\/strong><\/p>\n<p>&nbsp;<\/p>\n<p><i class=\"fa fa-file-pdf-o\" aria-hidden=\"true\"><\/i> <a href=\"https:\/\/www.copaeastur.org\/wp-content\/uploads\/2020\/07\/Cuotas-COPAE-2020-1.pdf\">COPAE fees in 2020<\/a>[\/vc_column_text][\/vc_column_inner][\/vc_row_inner][vc_empty_space height=&#8221;100px&#8221;][\/vc_column][\/vc_row][vc_row css=&#8221;.vc_custom_1542886368190{background-color: #e5e8ea !important;}&#8221;][vc_column][vc_empty_space height=&#8221;80px&#8221;][vc_column_text]<\/p>\n<h2 style=\"text-align: center;\">Regulations<\/h2>\n<p>[\/vc_column_text][vc_empty_space height=&#8221;50px&#8221;][vc_row_inner content_width=&#8221;grid&#8221; el_class=&#8221;dos_columnas&#8221;][vc_column_inner width=&#8221;1\/2&#8243;][vc_column_text]<strong>Organic production is regulated at a European level.<\/strong> The updated legislation on organic production, at a European and national level, can be consulted on the website of the Ministry of Agriculture.<\/p>\n<p>&nbsp;<\/p>\n<p><a href=\"https:\/\/www.mapa.gob.es\/es\/alimentacion\/temas\/produccion-eco\/legislacion-directrices\/default.aspx\">Go to national and European regulations<\/a><\/p>\n<p>&nbsp;<\/p>\n<p><strong>In Asturias<\/strong>, the regulatory documents are:<\/p>\n<p>&nbsp;<\/p>\n<p><a href=\"\/wp-content\/uploads\/2018\/12\/81_2004.pdf\" target=\"_blank\" rel=\"noopener noreferrer\"><i class=\"fa fa-eye\" aria-hidden=\"true\"><\/i> Decree 81\/2004, of 21 October, on organic agriculture production and indications referring thereto on agricultural products and foodstuffs, in the Principality of Asturias<\/a><\/p>\n<p>&nbsp;<\/p>\n<p><a href=\"\/wp-content\/uploads\/2018\/12\/reglamento-regimen-interno.pdf\" target=\"_blank\" rel=\"noopener noreferrer\"><i class=\"fa fa-file-pdf-o\" aria-hidden=\"true\"><\/i> COPAE\u2019s internal regulation<\/a><br \/>\n<a href=\"\/wp-content\/uploads\/2018\/12\/c_incumplimiento.pdf\" target=\"_blank\" rel=\"noopener noreferrer\"><i class=\"fa fa-file-pdf-o\" aria-hidden=\"true\"><\/i> Catalogue of non-compliances and measures related to organic production<\/a><br \/>\n<a href=\"#\"><i class=\"fa fa-file-pdf-o\" aria-hidden=\"true\"><\/i> Decision on the exemption of certain retailers<\/a>[\/vc_column_text][vc_empty_space height=&#8221;50px&#8221;][\/vc_column_inner][vc_column_inner width=&#8221;1\/2&#8243;][vc_single_image image=&#8221;17932&#8243; img_size=&#8221;full&#8221; alignment=&#8221;center&#8221;][\/vc_column_inner][\/vc_row_inner][vc_empty_space height=&#8221;100px&#8221;][\/vc_column][\/vc_row]<\/p>\n","protected":false},"excerpt":{"rendered":"<p>[vc_row][vc_column][vc_column_text] About us [\/vc_column_text][vc_empty_space height=&#8221;50px&#8221;][vc_row_inner content_width=&#8221;grid&#8221; el_class=&#8221;dos_columnas&#8221;][vc_column_inner width=&#8221;1\/2&#8243;][vc_column_text] Consejo de la Producci\u00f3n Agraria Ecol\u00f3gica del Principado de Asturias (COPAE) The Consejo de la Producci\u00f3n Agraria Ecol\u00f3gica del Principado de Asturias (COPAE) is a management entity set up by the Agricultural Regional Ministry in order to carry out the official control of organic production. &nbsp; &nbsp;&#8230;<\/p>\n","protected":false},"author":1,"featured_media":0,"parent":0,"menu_order":0,"comment_status":"closed","ping_status":"closed","template":"full-width.php","meta":[],"_links":{"self":[{"href":"https:\/\/copaeastur.org\/en\/wp-json\/wp\/v2\/pages\/18244"}],"collection":[{"href":"https:\/\/copaeastur.org\/en\/wp-json\/wp\/v2\/pages"}],"about":[{"href":"https:\/\/copaeastur.org\/en\/wp-json\/wp\/v2\/types\/page"}],"author":[{"embeddable":true,"href":"https:\/\/copaeastur.org\/en\/wp-json\/wp\/v2\/users\/1"}],"replies":[{"embeddable":true,"href":"https:\/\/copaeastur.org\/en\/wp-json\/wp\/v2\/comments?post=18244"}],"version-history":[{"count":21,"href":"https:\/\/copaeastur.org\/en\/wp-json\/wp\/v2\/pages\/18244\/revisions"}],"predecessor-version":[{"id":19320,"href":"https:\/\/copaeastur.org\/en\/wp-json\/wp\/v2\/pages\/18244\/revisions\/19320"}],"wp:attachment":[{"href":"https:\/\/copaeastur.org\/en\/wp-json\/wp\/v2\/media?parent=18244"}],"curies":[{"name":"wp","href":"https:\/\/api.w.org\/{rel}","templated":true}]}}