{"id":18323,"date":"2018-04-27T07:32:32","date_gmt":"2018-04-27T07:32:32","guid":{"rendered":"http:\/\/copae.thinkaweb.com\/contacto\/"},"modified":"2020-06-18T08:22:08","modified_gmt":"2020-06-18T08:22:08","slug":"contacto","status":"publish","type":"page","link":"https:\/\/copaeastur.org\/as\/contacto\/","title":{"rendered":"Contacto"},"content":{"rendered":"<p>[vc_row][vc_column][vc_empty_space height=&#8221;70px&#8221;][\/vc_column][\/vc_row][vc_row content_width=&#8221;grid&#8221;][vc_column width=&#8221;1\/2&#8243;][vc_column_text]<\/p>\n<h2 class=\"escribenos\">Escr\u00edbinos<\/h2>\n<p>[\/vc_column_text][vc_empty_space][vc_column_text]<form method=\"post\" enctype=\"multipart\/form-data\" id=\"vfbp-form-3\" class=\"vfbp-form\"><div style=\"display:none;\"><label for=\"vfbp-EMAIL-AN8fuQyoDLXem\">If you are human, leave this field blank.<\/label><input size=\"25\" autocomplete=\"off\" type=\"text\" name=\"vfbp-EMAIL-AN8fuQyoDLXem\" value=\"\" id=\"\"><\/div><input type=\"hidden\" name=\"_vfb-timestamp-3\" value=\"1777565750\" id=\"\"><input type=\"hidden\" name=\"_vfb-form-id\" value=\"3\" id=\"\"><div class=\"vfb-col-12 vfb-fieldType-text\" id=\"vfbField13\"><div class=\"vfb-form-group\"><label for=\"vfb-field-13\" class=\"vfb-control-label\">Nome <span class=\"vfb-required-asterisk\">*<\/span><\/label><div><input id=\"vfb-field-13\" class=\"vfb-form-control\" placeholder=\"Nome\" required=\"required\" type=\"text\" name=\"vfb-field-13\" value=\"\"><\/div><\/div><\/div><div class=\"vfb-clearfix\"><\/div><div class=\"vfb-col-12 vfb-fieldType-email\" id=\"vfbField14\"><div class=\"vfb-form-group\"><label for=\"vfb-field-14\" class=\"vfb-control-label\">Corr\u00e9u electr\u00f3nicu <span class=\"vfb-required-asterisk\">*<\/span><\/label><div><input id=\"vfb-field-14\" class=\"vfb-form-control\" placeholder=\"Corr&eacute;u electr&oacute;nicu\" required=\"required\" type=\"email\" name=\"vfb-field-14\" value=\"\"><\/div><\/div><\/div><div class=\"vfb-clearfix\"><\/div><div class=\"vfb-col-12 vfb-fieldType-textarea\" id=\"vfbField15\"><div class=\"vfb-form-group\"><label for=\"vfb-field-15\" class=\"vfb-control-label\">Mensaxe <span class=\"vfb-required-asterisk\">*<\/span><\/label><div><textarea id=\"vfb-field-15\" class=\"vfb-form-control\" placeholder=\"Mensaxe\" required=\"required\" rows=\"10\" name=\"vfb-field-15\" cols=\"50\"><\/textarea><\/div><\/div><\/div><div class=\"vfb-clearfix\"><\/div><div class=\"vfb-col-12 vfb-fieldType-instructions\" id=\"vfbField16\"><div class=\"vfb-form-group\"><label for=\"vfb-field-16\" class=\"vfb-control-label\"><\/label><div class=\"\"><p><strong>INFORMAC\u00cdON B\u00c1SICA SOBRO PROTECCI\u00d3N DE DATOS<\/strong><\/p>\n<p><strong>Responsable:<\/strong> COPAE<br \/>\n<strong>Finalid\u00e1:<\/strong> Contestar a les tos entrugues.<br \/>\n<strong>Llexitimaci\u00f3n:<\/strong> El to consentimientu espresu.<br \/>\n<strong>Destinatarios:<\/strong> Los tos datos va guardaLOS COPAE seg\u00fan la Llei de Protecci\u00f3n de Datos.<br \/>\n<strong>Derechos:<\/strong> Vas Tener derechu d&#8217;accesu, rectificaci\u00f3n y supresi\u00f3n de los tos datos.<br \/>\n<strong>Informaci\u00f3n adicional:<\/strong> Puedes consultar la informaci\u00f3n adicional y detallao sobro Protecci\u00f3n de Datos na nuesa <a href=\"\/politica-de-privacidad\/\" target=\"_blank\" rel=\"noopener\">Pol\u00edtica de Privacid\u00e1<\/a>.<\/p>\n<\/div><\/div><\/div><div class=\"vfb-clearfix\"><\/div><div class=\"vfb-col-12 vfb-fieldType-checkbox\" id=\"vfbField17\"><label for=\"vfb-field-17\" class=\"vfb-control-label\"> <span class=\"vfb-required-asterisk\">*<\/span><\/label><div><div class=\"vfb-checkbox\"><label><input id=\"vfb-field-17-0\" class=\"\" placeholder=\"\" data-vfb-multiple=\"vfb-field-17\" required=\"required\" type=\"checkbox\" name=\"vfb-field-17[0]\" value=\"1\">Lle\u00ed y acepto la  <a href=\"\/politica-de-privacidad\/\" target=\"_blank\">Pol\u00edtica de Privacid\u00e1<\/a>. <\/label><\/div><\/div><\/div><div class=\"vfb-clearfix\"><\/div><div class=\"vfb-col-12 vfb-fieldType-submit\" id=\"vfbField18\"><button id=\"vfb-field-18\" class=\" btn btn-primary\" placeholder=\"\" type=\"submit\" name=\"_vfb-submit\">UNVIAR<\/button><\/div><div class=\"vfb-clearfix\"><\/div><\/form>[\/vc_column_text][vc_empty_space][\/vc_column][vc_column width=&#8221;1\/2&#8243;][vc_column_text]<\/p>\n<h2>Oficines<\/h2>\n<p>[\/vc_column_text][vc_empty_space][vc_row_inner][vc_column_inner width=&#8221;1\/2&#8243;][vc_column_text]<strong>Direcci\u00f3n<\/strong><\/p>\n<p>Avda. Prudencio Glez. n\u00ba 81<br \/>\n33424 Posada de Llanera<br \/>\nPrincip\u00e1u d&#8217;Asturies[\/vc_column_text][vc_empty_space][\/vc_column_inner][vc_column_inner width=&#8221;1\/2&#8243;][vc_column_text]<strong>Atenci\u00f3n al p\u00fablicu <\/strong><\/p>\n<p>Llunes a vienres de 9 a 14<br \/>\nMartes y xueves de 16 a 18<\/p>\n<p>Pa dir a la oficina en persona ye necesario pidir cita previa, mesmo per tel\u00e9fonu 985773558 o per WhatsApp 609285755[\/vc_column_text][vc_empty_space][\/vc_column_inner][\/vc_row_inner][vc_row_inner][vc_column_inner width=&#8221;1\/2&#8243;][vc_column_text]<strong>Tel\u00e9fonu<\/strong><\/p>\n<p>985 773 558[\/vc_column_text][vc_empty_space][\/vc_column_inner][vc_column_inner width=&#8221;1\/2&#8243;][vc_column_text]<strong>Fax<\/strong><\/p>\n<p>985 772 205[\/vc_column_text][\/vc_column_inner][\/vc_row_inner][vc_widget_sidebar sidebar_id=&#8221;shop-sidebar&#8221;][\/vc_column][\/vc_row][vc_row content_aligment=&#8221;center&#8221;][vc_column][vc_empty_space][vc_column_text]<iframe loading=\"lazy\" style=\"border: 0;\" src=\"https:\/\/www.google.com\/maps\/embed?pb=!1m18!1m12!1m3!1d2896.8135168995727!2d-5.858487284091357!3d43.44361057912895!2m3!1f0!2f0!3f0!3m2!1i1024!2i768!4f13.1!3m3!1m2!1s0xd368ef8a0cedcc1%3A0x6e45576a7693f379!2sConsejo+de+la+Producci%C3%B3n+Agraria+Ecologica+del+Principado+de+Asturias!5e0!3m2!1ses!2ses!4v1562569881765!5m2!1ses!2ses\" width=\"1920\" height=\"400\" frameborder=\"0\" allowfullscreen=\"allowfullscreen\"><\/iframe>[\/vc_column_text][\/vc_column][\/vc_row]<\/p>\n","protected":false},"excerpt":{"rendered":"<p>[vc_row][vc_column][vc_empty_space height=&#8221;70px&#8221;][\/vc_column][\/vc_row][vc_row content_width=&#8221;grid&#8221;][vc_column width=&#8221;1\/2&#8243;][vc_column_text] Escr\u00edbinos [\/vc_column_text][vc_empty_space][vc_column_text][\/vc_column_text][vc_empty_space][\/vc_column][vc_column width=&#8221;1\/2&#8243;][vc_column_text] Oficines [\/vc_column_text][vc_empty_space][vc_row_inner][vc_column_inner width=&#8221;1\/2&#8243;][vc_column_text]Direcci\u00f3n Avda. Prudencio Glez. n\u00ba 81 33424 Posada de Llanera Princip\u00e1u d&#8217;Asturies[\/vc_column_text][vc_empty_space][\/vc_column_inner][vc_column_inner width=&#8221;1\/2&#8243;][vc_column_text]Atenci\u00f3n al p\u00fablicu Llunes a vienres de 9 a 14 Martes y xueves de 16 a 18 Pa dir a la oficina en persona ye necesario pidir cita previa, mesmo per tel\u00e9fonu 985773558 o&#8230;<\/p>\n","protected":false},"author":1,"featured_media":0,"parent":0,"menu_order":0,"comment_status":"closed","ping_status":"closed","template":"","meta":[],"_links":{"self":[{"href":"https:\/\/copaeastur.org\/as\/wp-json\/wp\/v2\/pages\/18323"}],"collection":[{"href":"https:\/\/copaeastur.org\/as\/wp-json\/wp\/v2\/pages"}],"about":[{"href":"https:\/\/copaeastur.org\/as\/wp-json\/wp\/v2\/types\/page"}],"author":[{"embeddable":true,"href":"https:\/\/copaeastur.org\/as\/wp-json\/wp\/v2\/users\/1"}],"replies":[{"embeddable":true,"href":"https:\/\/copaeastur.org\/as\/wp-json\/wp\/v2\/comments?post=18323"}],"version-history":[{"count":6,"href":"https:\/\/copaeastur.org\/as\/wp-json\/wp\/v2\/pages\/18323\/revisions"}],"predecessor-version":[{"id":18965,"href":"https:\/\/copaeastur.org\/as\/wp-json\/wp\/v2\/pages\/18323\/revisions\/18965"}],"wp:attachment":[{"href":"https:\/\/copaeastur.org\/as\/wp-json\/wp\/v2\/media?parent=18323"}],"curies":[{"name":"wp","href":"https:\/\/api.w.org\/{rel}","templated":true}]}}