{"id":18262,"date":"2018-11-22T15:31:13","date_gmt":"2018-11-22T15:31:13","guid":{"rendered":"http:\/\/copae.thinkaweb.com\/guia-del-consumidor\/"},"modified":"2019-08-23T10:14:46","modified_gmt":"2019-08-23T10:14:46","slug":"guia-del-consumidor","status":"publish","type":"page","link":"https:\/\/copaeastur.org\/as\/guia-del-consumidor\/","title":{"rendered":"Gu\u00eda del consumidor"},"content":{"rendered":"<p>[vc_row][vc_column][vc_column_text]<\/p>\n<h1 style=\"text-align: center;\">Gu\u00eda del consumidor<\/h1>\n<p>[\/vc_column_text][vc_empty_space height=&#8221;50px&#8221;][vc_row_inner content_width=&#8221;grid&#8221; el_class=&#8221;dos_columnas&#8221;][vc_column_inner width=&#8221;1\/2&#8243;][vc_column_text]<\/p>\n<h3>\u00bfQu\u00e9 son los alimentos ecol\u00f3xicos?<\/h3>\n<p>Los alimentos ecol\u00f3xicos, tami\u00e9n llamaos biol\u00f3xicos o org\u00e1nicos, son los que vienen de la producci\u00f3n ecol\u00f3xica y t\u00e1n certificaos pa garantizar que cumplen les normes d&#8217;esti sistema de producci\u00f3n. Estes <strong>normes prohiben l&#8217;usu de sustancies de s\u00edntesis qu\u00edmica, como pesticides y yerbic\u00edes. Tampoco nun se dexen los organismos modificaos xen\u00e9ticamente o trex\u00e9nicos.<\/strong> En ganader\u00eda ecol\u00f3xica proh\u00edbese l&#8217;usu antibi\u00f3ticos de manera preventiva, daqu\u00e9 que se deber\u00eda evitar por norma xeneral pa prevenir los graves problemes de sal\u00fa que provoca l&#8217;apaici\u00f3n de bacteries resistentes a los antibi\u00f3ticos.<\/p>\n<p>&nbsp;<\/p>\n<p>Na ellaboraci\u00f3n de los alimentos ecol\u00f3xicos ta bien <strong>acut\u00e1u l&#8217;usu d&#8217;aditivos<\/strong>, solamente d\u00e9xase un amenorg\u00e1u n\u00famberu d&#8217;auxiliares tecnol\u00f3xicos necesarios pal tresformamientu y nun se dexa l&#8217;usu d&#8217;otros aditivos como los colorantes.[\/vc_column_text][vc_empty_space height=&#8221;50px&#8221;][\/vc_column_inner][vc_column_inner width=&#8221;1\/2&#8243;][vc_single_image image=&#8221;18041&#8243; img_size=&#8221;full&#8221; alignment=&#8221;center&#8221;][vc_empty_space height=&#8221;50px&#8221;][\/vc_column_inner][\/vc_row_inner][\/vc_column][\/vc_row][vc_row css=&#8221;.vc_custom_1542902033376{background-color: #d8dcdf !important;}&#8221;][vc_column][vc_empty_space height=&#8221;80px&#8221;][vc_row_inner content_width=&#8221;grid&#8221; el_class=&#8221;una_columna&#8221;][vc_column_inner][vc_column_text]<\/p>\n<p class=\"mensaje\">Los alimentos ecol\u00f3xicos t\u00e1n obligaos a cumplir la mesma normativa europea alimentaria que&#8217;l restu d&#8217;alimentos, polo que t\u00e1n doblemente controlaos.<\/p>\n<p>[\/vc_column_text][\/vc_column_inner][\/vc_row_inner][vc_empty_space height=&#8221;80px&#8221;][\/vc_column][\/vc_row][vc_row][vc_column][vc_empty_space height=&#8221;80px&#8221;][vc_row_inner content_width=&#8221;grid&#8221; el_class=&#8221;dos_columnas&#8221;][vc_column_inner width=&#8221;1\/2&#8243;][vc_single_image image=&#8221;17276&#8243; img_size=&#8221;full&#8221; alignment=&#8221;center&#8221;][vc_empty_space height=&#8221;50px&#8221;][\/vc_column_inner][vc_column_inner width=&#8221;1\/2&#8243;][vc_column_text]<\/p>\n<h3>\u00bfPor qu\u00e9 consumir alimentos ecol\u00f3xicos?<\/h3>\n<p>Esisten munches razones p&#8217;apostar pola producci\u00f3n ecol\u00f3xica; munches vegaes escu\u00e9yense <strong>pol so sabor<\/strong>, pero tami\u00e9n son los alimentos m\u00e1s recomendables nel contestu d&#8217;una <strong>alimentaci\u00f3n saludable<\/strong>. Am\u00e1s de tar llibres de borrafes de pesticidas, los productos ecol\u00f3xicos suelen tener otra serie de <strong>propiedaes nutricionales beneficioses<\/strong> que se deriven del sistema de producci\u00f3n.<\/p>\n<p>&nbsp;<\/p>\n<p>Esto tiense demostrao en numberosos estudios cient\u00edficos. Por casu, la lleche o la carne ecol\u00f3xico tienen mayores conten\u00edos n&#8217;\u00e1cidos grasos saludables, por cuenta de que la alimentaci\u00f3n de los animales real\u00edzase principalmente en base a campera y forraxe.[\/vc_column_text][vc_empty_space height=&#8221;50px&#8221;][\/vc_column_inner][\/vc_row_inner][vc_row_inner content_width=&#8221;grid&#8221; el_class=&#8221;dos_columnas&#8221;][vc_column_inner width=&#8221;1\/2&#8243;][vc_column_text]Les autoridaes sanitaries conocen los beneficios pa la sal\u00fa de los alimentos ecol\u00f3xicos, por esi motivu n&#8217;Asturies poner en marcha&#8217;l <strong>Programa d&#8217;Alimentaci\u00f3n saludable y de producci\u00f3n ecol\u00f3xica nos comedores escolares<\/strong>, que respuende a la necesid\u00e1 d&#8217;ameyorar l&#8217;alimentaci\u00f3n de la poblaci\u00f3n infantil, ameyorando l&#8217;equilibriu nutricional del men\u00fa escolar ya incorporando aspeutos educativos na alquisici\u00f3n de vezos alimentarios saludables, nel respetu al mediu ambiente y na filosof\u00eda d&#8217;un consumu responsable y xusto, al travi\u00e9s de la conocencia de les ventayes de l&#8217;agricultura ecol\u00f3xica y la so incorporaci\u00f3n progresiva nel comedor escolar.<\/p>\n<p>&nbsp;<\/p>\n<p><strong>El COPAE participa nesti Programa<\/strong>, impuls\u00e1u poles Conseyer\u00edes de Sal\u00fa, Educaci\u00f3n y Mediu Rural, nuna acci\u00f3n siguida ya intersectorial.[\/vc_column_text][vc_empty_space height=&#8221;50px&#8221;][\/vc_column_inner][vc_column_inner width=&#8221;1\/2&#8243;][vc_single_image image=&#8221;17277&#8243; img_size=&#8221;full&#8221; alignment=&#8221;center&#8221;][vc_empty_space height=&#8221;50px&#8221;][\/vc_column_inner][\/vc_row_inner][\/vc_column][\/vc_row][vc_row css=&#8221;.vc_custom_1554804574905{background-position: center !important;background-repeat: no-repeat !important;background-size: cover !important;}&#8221;][vc_column][vc_row_inner content_width=&#8221;grid&#8221; el_class=&#8221;dos_columnas&#8221;][vc_column_inner width=&#8221;1\/2&#8243;][vc_single_image image=&#8221;17891&#8243; img_size=&#8221;full&#8221; alignment=&#8221;center&#8221;][vc_empty_space height=&#8221;50px&#8221;][\/vc_column_inner][vc_column_inner width=&#8221;1\/2&#8243;][vc_column_text]<\/p>\n<h3>Am\u00e1s de les ventayes pa la sal\u00fa, hai que tener en cuenta los beneficios pal mediu ambiente.<\/h3>\n<p><strong>L&#8217;agricultura ecol\u00f3xica<\/strong> tien que caltener y amontar la fertilid\u00e1 de la tierra y caltener la sal\u00fa de los recursos naturales, suelu, agua, y l&#8217;aire, y caltener un elev\u00e1u grau de biodiversid\u00e1.<\/p>\n<p>&nbsp;<\/p>\n<p>Per otru llau, les normes de producci\u00f3n ecol\u00f3xica son un referente tocante a condiciones de <strong>bienestar animal<\/strong>, apurriendo a los animales unes condiciones d&#8217;agospiamientu que-yos dexe portase de manera natural.<\/p>\n<p>&nbsp;<\/p>\n<p>La producci\u00f3n ecol\u00f3xica contrib\u00fai al <strong>desenvolvimientu rural<\/strong>, por cuenta de que ye un sistema de producci\u00f3n m\u00e1s amest\u00e1u a la tierra y ye una alternativa pa caltener les pequenes producciones nes zones rurales.<\/p>\n<p>&nbsp;<\/p>\n<p>Les normes de producci\u00f3n ecol\u00f3xica fomenten les canales curties de comercializaci\u00f3n, por que los <strong>sistemes alimentarios s\u00edan m\u00e1s sostenibles.<\/strong><\/p>\n<p>&nbsp;<\/p>\n<p>Por ello, les normes d&#8217;etiquet\u00e1u de los alimentos ecol\u00f3xicos incl\u00fain una indicaci\u00f3n que dexa <strong>conocer el llugar d&#8217;orixe de les materies primes.<\/strong>[\/vc_column_text][vc_empty_space height=&#8221;50px&#8221;][\/vc_column_inner][\/vc_row_inner][\/vc_column][\/vc_row][vc_row][vc_column][vc_row_inner content_width=&#8221;grid&#8221; el_class=&#8221;dos_columnas&#8221;][vc_column_inner width=&#8221;1\/2&#8243;][vc_column_text]<\/p>\n<h3>\u00bfQui\u00e9n controla la producci\u00f3n ecol\u00f3xica?<\/h3>\n<p>Por que un alimentu s\u00eda ecol\u00f3xicu, tien que producise conforme a les estrictes normes de producci\u00f3n ecol\u00f3xica y tar certific\u00e1u por una entid\u00e1 de control y certificaci\u00f3n. El COPAE exerz los llabores de control sobro los distintos operadores inscritos en toles fases de producci\u00f3n, ellaboraci\u00f3n y comercializaci\u00f3n de los productos ecol\u00f3xicos. El inspectores de COPAE realicen dacuando controles refechos por aciu inspecciones y auditor\u00edes a el operadores inscritos. Tolos operadores son controlaos, a lo menos, una vegada al a\u00f1u, am\u00e1s de realizar inspecciones ensin avisu previu. Estos controles incl\u00fain tomes d&#8217;amueses de los distintos productos, que son unviaes a llaboratorios acreditaos pa garantizar l&#8217;ausencia total de borrafes de sustances prohib\u00edes, como pesticidas, organismos modificaos gen\u00e9ticamente, antibi\u00f3ticos, aditivos ensin autorizar, etc.[\/vc_column_text][vc_empty_space height=&#8221;50px&#8221;][\/vc_column_inner][vc_column_inner width=&#8221;1\/2&#8243;][vc_single_image image=&#8221;17278&#8243; img_size=&#8221;full&#8221; alignment=&#8221;center&#8221;][vc_empty_space height=&#8221;50px&#8221;][\/vc_column_inner][\/vc_row_inner][vc_row_inner content_width=&#8221;grid&#8221; el_class=&#8221;una_columna&#8221;][vc_column_inner][vc_column_text]<\/p>\n<p class=\"mensaje\" style=\"text-align: justify;\">Tolos operadores inscritos nel COPAE t\u00e1n obligaos a cumplir les normes de producci\u00f3n ecol\u00f3xica y a llevar una serie de rexistros y control documental pa garantizar el cumplimientu de la normativa.<\/p>\n<p>[\/vc_column_text][\/vc_column_inner][\/vc_row_inner][vc_empty_space height=&#8221;100px&#8221;][\/vc_column][\/vc_row][vc_row css=&#8221;.vc_custom_1542902392431{background-color: #d7eabf !important;}&#8221;][vc_column][vc_empty_space height=&#8221;80px&#8221;][vc_column_text]<\/p>\n<h2 style=\"text-align: center;\">\u00bfC\u00f3mo identifico un alimentu ecol\u00f3xicu?<\/h2>\n<p>[\/vc_column_text][vc_empty_space height=&#8221;50px&#8221;][vc_row_inner content_width=&#8221;grid&#8221; el_class=&#8221;una_columna&#8221;][vc_column_inner][vc_column_text]Por que un productu s\u00eda ecol\u00f3xicu tien que tar certific\u00e1u por un organismu de control y certificaci\u00f3n autoriz\u00e1u. Los alimentos ecol\u00f3xicos tienen de dir siempres identificaos por aciu del c\u00f3digu o logotipu del \u00f3rganu de control y el sellu europ\u00e9u de la producci\u00f3n ecol\u00f3xica, lo que garantiza qu&#8217;esi productu pas\u00f3 toles pruebes y controles a que se someten tolos operadores de producci\u00f3n ecol\u00f3xica. Solo los alimentos ecol\u00f3xicos certificaos pueden llevar les menciones.[\/vc_column_text][\/vc_column_inner][\/vc_row_inner][vc_empty_space height=&#8221;50px&#8221;][vc_row_inner content_width=&#8221;grid&#8221; el_class=&#8221;tres_columnas&#8221;][vc_column_inner width=&#8221;1\/3&#8243;][vc_column_text]<\/p>\n<h3 style=\"text-align: center;\">Denominaci\u00f3n<\/h3>\n<p style=\"text-align: center;\">Solo los alimentos ecol\u00f3xicos certificaos pueden llevar les menciones.<br \/>\n<strong>ECOL\u00d3XICU<\/strong><br \/>\n<strong>ECU<\/strong><br \/>\n<strong>BIOL\u00d3XICU<\/strong><br \/>\n<strong>BIO<\/strong><br \/>\n<strong>ORG\u00c1NICU<\/strong><\/p>\n<p>[\/vc_column_text][vc_empty_space height=&#8221;50px&#8221;][\/vc_column_inner][vc_column_inner width=&#8221;1\/3&#8243;][vc_column_text]<\/p>\n<h3 style=\"text-align: center;\">Sellu europ\u00e9u<\/h3>\n<p style=\"text-align: center;\">\u00c9sti ye&#8217;l sellu europ\u00e9u de productos ecol\u00f3xicos que tien qu&#8217;apaecer obligatoriamente na etiqueta.<\/p>\n<p>[\/vc_column_text][vc_empty_space height=&#8221;40px&#8221;][vc_single_image image=&#8221;17288&#8243; img_size=&#8221;full&#8221; alignment=&#8221;center&#8221;][vc_empty_space height=&#8221;50px&#8221;][\/vc_column_inner][vc_column_inner width=&#8221;1\/3&#8243;][vc_column_text]<\/p>\n<h3 style=\"text-align: center;\">Logo organismu<\/h3>\n<p style=\"text-align: center;\">Nel casu d&#8217;Asturies, l&#8217;organismu de certificaci\u00f3n ye&#8217;l COPAE, el so c\u00f3digu ye ES-ECU-012-AS y el so logotipu ye \u00e9sti:<\/p>\n<p>[\/vc_column_text][vc_empty_space height=&#8221;40px&#8221;][vc_single_image image=&#8221;17287&#8243; img_size=&#8221;full&#8221; alignment=&#8221;center&#8221;][vc_empty_space height=&#8221;50px&#8221;][\/vc_column_inner][\/vc_row_inner][\/vc_column][\/vc_row][vc_row el_id=&#8221;donde&#8221;][vc_column][vc_empty_space height=&#8221;80px&#8221;][vc_column_text]<\/p>\n<h2 style=\"text-align: center;\">\u00bf\u00d3nde atopar alimentos ecol\u00f3xicos?<\/h2>\n<p>[\/vc_column_text][vc_empty_space height=&#8221;50px&#8221;][vc_row_inner content_width=&#8221;grid&#8221; el_class=&#8221;dos_columnas&#8221;][vc_column_inner width=&#8221;1\/2&#8243;][vc_column_text]<\/p>\n<h3>Consulta&#8217;l rexistru de comercios minoristes inscritos nel COPAE<\/h3>\n<p>Cada vegada ye m\u00e1s f\u00e1cil atopar productos ecol\u00f3xicos nos puntos de vienta, y esisten diverses maneres d&#8217;atopar productos ecol\u00f3xicos. Hai comercios que realicen la vienta a granel de forma fraccionada de productos ecol\u00f3xicos, pa lo que tienen que tar inscritos nel rexistru de Comercios Minoristes del COPAE pa pasar los controles obligatorios.<\/p>\n<p>&nbsp;<\/p>\n<p>Nesti rexistru puedes atopar los comercios inscritos por allugamientu o tipu de comerciu y activid\u00e1. Son puntos de vienta recomendables, y\u00e1 que suelen vender productos de cercan\u00eda o a granel, utilizando menos envases de pl\u00e1sticu. Comprueba que tu tienda de referencia figura inscrita y ta controlada pol COPAE. En casu contrariu puedes comunic\u00e1noslo. Esixe a la tienda cola que tenga m\u00e1s enfotu tola informaci\u00f3n necesaria pal consumidor.<\/p>\n<p>&nbsp;<\/p>\n<p><a href=\"\/as\/comercios\" target=\"_blank\" rel=\"noopener\"><i class=\"fa fa-eye\" aria-hidden=\"true\"><\/i> Consultar rexistru de comercios minoristes del COPAE<\/a>[\/vc_column_text][vc_empty_space height=&#8221;50px&#8221;][\/vc_column_inner][vc_column_inner width=&#8221;1\/2&#8243;][vc_single_image image=&#8221;17894&#8243; img_size=&#8221;full&#8221; alignment=&#8221;center&#8221;][vc_empty_space height=&#8221;50px&#8221;][\/vc_column_inner][\/vc_row_inner][vc_row_inner content_width=&#8221;grid&#8221; el_class=&#8221;dos_columnas&#8221;][vc_column_inner width=&#8221;1\/2&#8243;][vc_single_image image=&#8221;17897&#8243; img_size=&#8221;full&#8221; alignment=&#8221;center&#8221;][vc_empty_space height=&#8221;50px&#8221;][\/vc_column_inner][vc_column_inner width=&#8221;1\/2&#8243;][vc_column_text]<\/p>\n<h3>Consulta\u00b4l llist\u00e1u de productores inscritos nel COPAE<\/h3>\n<p>Dende&#8217;l COPAE fomentamos les canales curties de comercializaci\u00f3n, y una forma m\u00e1s cercana y encamentada de consiguir productos ecol\u00f3xicos ye por aciu la vienta directa que realicen dellos productores, y\u00e1 s\u00eda directamente na so esplotaci\u00f3n, o en determinaos mercaos y feries locales. Puedes consultar nel Llist\u00e1u de Productores aquellos que tean abargana de la so localid\u00e1 pa contactar con ellos directamente.<\/p>\n<p>&nbsp;<\/p>\n<p><a href=\"\/as\/productores\" target=\"_blank\" rel=\"noopener\"><i class=\"fa fa-eye\" aria-hidden=\"true\"><\/i> Consultar llist\u00e1u de productores del COPAE<\/a>[\/vc_column_text][vc_empty_space height=&#8221;50px&#8221;][\/vc_column_inner][\/vc_row_inner][vc_row_inner content_width=&#8221;grid&#8221; el_class=&#8221;dos_columnas&#8221;][vc_column_inner width=&#8221;1\/2&#8243;][vc_column_text]<\/p>\n<h3>Consulta&#8217;l llist\u00e1u de restoranes con productos ecol\u00f3xicos<\/h3>\n<p>El COPAE tami\u00e9n tien un rexistru d&#8217;Establecimientos de Restauraci\u00f3n que trabayen con productos ecol\u00f3xicos. Nestos restoranes el COPAE controla l&#8217;orixe de los productos y que les indicaciones sobro la producci\u00f3n ecol\u00f3xica que s&#8217;utilicen na carta, el men\u00fa, los ingredientes, o nel mesmu establecimientu, s\u00edan clares y nun induzan a erru al consumidor.<\/p>\n<p>&nbsp;<\/p>\n<p><a href=\"\/as\/restaurantes\" target=\"_blank\" rel=\"noopener\"><i class=\"fa fa-eye\" aria-hidden=\"true\"><\/i> Consultar llist\u00e1u de restoranes<\/a>[\/vc_column_text][vc_empty_space height=&#8221;50px&#8221;][\/vc_column_inner][vc_column_inner width=&#8221;1\/2&#8243;][vc_single_image image=&#8221;17291&#8243; img_size=&#8221;full&#8221; alignment=&#8221;center&#8221;][vc_empty_space height=&#8221;50px&#8221;][\/vc_column_inner][\/vc_row_inner][\/vc_column][\/vc_row][vc_row content_width=&#8221;grid&#8221; el_class=&#8221;una_columna&#8221;][vc_column][vc_column_text]Pa contactar con otru tipu d&#8217;operadores, como les empreses qu&#8217;ellaboren alimentos ecol\u00f3xicos.<br \/>\n<a href=\"\/as\/productores\" target=\"_blank\" rel=\"noopener\"><i class=\"fa fa-eye\" aria-hidden=\"true\"><\/i> Consultar el directoriu d&#8217;operadores del COPAE<\/a>[\/vc_column_text][\/vc_column][\/vc_row]<\/p>\n","protected":false},"excerpt":{"rendered":"<p>[vc_row][vc_column][vc_column_text] Gu\u00eda del consumidor [\/vc_column_text][vc_empty_space height=&#8221;50px&#8221;][vc_row_inner content_width=&#8221;grid&#8221; el_class=&#8221;dos_columnas&#8221;][vc_column_inner width=&#8221;1\/2&#8243;][vc_column_text] \u00bfQu\u00e9 son los alimentos ecol\u00f3xicos? Los alimentos ecol\u00f3xicos, tami\u00e9n llamaos biol\u00f3xicos o org\u00e1nicos, son los que vienen de la producci\u00f3n ecol\u00f3xica y t\u00e1n certificaos pa garantizar que cumplen les normes d&#8217;esti sistema de producci\u00f3n. Estes normes prohiben l&#8217;usu de sustancies de s\u00edntesis qu\u00edmica, como pesticides y&#8230;<\/p>\n","protected":false},"author":1,"featured_media":0,"parent":0,"menu_order":0,"comment_status":"closed","ping_status":"closed","template":"full-width.php","meta":[],"_links":{"self":[{"href":"https:\/\/copaeastur.org\/as\/wp-json\/wp\/v2\/pages\/18262"}],"collection":[{"href":"https:\/\/copaeastur.org\/as\/wp-json\/wp\/v2\/pages"}],"about":[{"href":"https:\/\/copaeastur.org\/as\/wp-json\/wp\/v2\/types\/page"}],"author":[{"embeddable":true,"href":"https:\/\/copaeastur.org\/as\/wp-json\/wp\/v2\/users\/1"}],"replies":[{"embeddable":true,"href":"https:\/\/copaeastur.org\/as\/wp-json\/wp\/v2\/comments?post=18262"}],"version-history":[{"count":5,"href":"https:\/\/copaeastur.org\/as\/wp-json\/wp\/v2\/pages\/18262\/revisions"}],"predecessor-version":[{"id":18561,"href":"https:\/\/copaeastur.org\/as\/wp-json\/wp\/v2\/pages\/18262\/revisions\/18561"}],"wp:attachment":[{"href":"https:\/\/copaeastur.org\/as\/wp-json\/wp\/v2\/media?parent=18262"}],"curies":[{"name":"wp","href":"https:\/\/api.w.org\/{rel}","templated":true}]}}